{"id":13,"date":"2017-12-10T22:12:10","date_gmt":"2017-12-10T22:12:10","guid":{"rendered":"https:\/\/www.chalet-araucaria.com\/?page_id=13"},"modified":"2026-02-23T11:46:39","modified_gmt":"2026-02-23T11:46:39","slug":"nos-services","status":"publish","type":"page","link":"https:\/\/chalet-araucaria.com\/fr\/nos-services\/","title":{"rendered":"Nos services"},"content":{"rendered":"\n<div class=\"wp-block-columns is-layout-flex wp-container-core-columns-is-layout-1 wp-block-columns-is-layout-flex\">\n<div class=\"wp-block-column has-background is-layout-flow wp-block-column-is-layout-flow\" style=\"background-color:#f4f4f4\">\n<figure class=\"wp-block-image size-full is-resized\"><img loading=\"lazy\" decoding=\"async\" width=\"512\" height=\"512\" src=\"https:\/\/chalet-araucaria.com\/wp-content\/uploads\/2025\/03\/repas.png\" alt=\"\" class=\"wp-image-324\" style=\"object-fit:contain;width:80px;height:80px\" srcset=\"https:\/\/chalet-araucaria.com\/wp-content\/uploads\/2025\/03\/repas.png 512w, https:\/\/chalet-araucaria.com\/wp-content\/uploads\/2025\/03\/repas-300x300.png 300w, https:\/\/chalet-araucaria.com\/wp-content\/uploads\/2025\/03\/repas-150x150.png 150w\" sizes=\"(max-width: 512px) 100vw, 512px\" \/><\/figure>\n\n\n\n<h2 class=\"wp-block-heading has-black-color has-text-color has-link-color wp-elements-eb0d10848d0ae9af449dfbb11b5567b0\">Repas du soir au chalet<\/h2>\n\n\n\n<p>Nous offrons la possibilit\u00e9 d&rsquo;un repas du soir cuisin\u00e9 (r\u00e9servation \u00e0 l&rsquo;avance)<\/p>\n<\/div>\n<\/div>\n","protected":false},"excerpt":{"rendered":"<p>Repas du soir au chalet Nous offrons la possibilit\u00e9 d&rsquo;un repas du soir cuisin\u00e9 (r\u00e9servation \u00e0 l&rsquo;avance)<\/p>\n","protected":false},"author":6,"featured_media":0,"parent":0,"menu_order":0,"comment_status":"closed","ping_status":"closed","template":"page-templates\/page_services.php","meta":{"_acf_changed":false,"footnotes":""},"acf":[],"_links":{"self":[{"href":"https:\/\/chalet-araucaria.com\/fr\/wp-json\/wp\/v2\/pages\/13"}],"collection":[{"href":"https:\/\/chalet-araucaria.com\/fr\/wp-json\/wp\/v2\/pages"}],"about":[{"href":"https:\/\/chalet-araucaria.com\/fr\/wp-json\/wp\/v2\/types\/page"}],"author":[{"embeddable":true,"href":"https:\/\/chalet-araucaria.com\/fr\/wp-json\/wp\/v2\/users\/6"}],"replies":[{"embeddable":true,"href":"https:\/\/chalet-araucaria.com\/fr\/wp-json\/wp\/v2\/comments?post=13"}],"version-history":[{"count":5,"href":"https:\/\/chalet-araucaria.com\/fr\/wp-json\/wp\/v2\/pages\/13\/revisions"}],"predecessor-version":[{"id":353,"href":"https:\/\/chalet-araucaria.com\/fr\/wp-json\/wp\/v2\/pages\/13\/revisions\/353"}],"wp:attachment":[{"href":"https:\/\/chalet-araucaria.com\/fr\/wp-json\/wp\/v2\/media?parent=13"}],"curies":[{"name":"wp","href":"https:\/\/api.w.org\/{rel}","templated":true}]}}